{"id":30,"date":"2026-04-27T14:58:31","date_gmt":"2026-04-27T12:58:31","guid":{"rendered":"https:\/\/ilesfinistere.com\/?page_id=30"},"modified":"2026-04-27T15:11:33","modified_gmt":"2026-04-27T13:11:33","slug":"30-2","status":"publish","type":"page","link":"https:\/\/ilesfinistere.com\/","title":{"rendered":""},"content":{"rendered":"\n<section class=\"ft-hero\">\n<div class=\"ft-container\">\n<h1 class=\"ft-titre-hero\">Le plein d&rsquo;\u00e9vasion<\/h1>\n<p><\/p><\/div>\n<\/section>\n\n\n\n<section class=\"ft-hublots\">\n<div class=\"ft-container ft-grid-5\">\n        <a href=\"\/ile-de-batz\" class=\"ft-hublot\"><br>\n            <img decoding=\"async\" src=\"https:\/\/ilesfinistere.com\/wp-content\/uploads\/2026\/04\/carte-batz@2x.png\" alt=\"\u00cele de Batz\"><br>\n            <span>\u00cele de Batz<\/span><br>\n        <\/a><br>\n        <a href=\"\/ouessant\" class=\"ft-hublot\"><br>\n            <img decoding=\"async\" src=\"https:\/\/ilesfinistere.com\/wp-content\/uploads\/2026\/04\/carte-ouessant@2x.png\" alt=\"Ouessant\"><br>\n            <span>Ouessant<\/span><br>\n        <\/a><br>\n        <a href=\"\/molene\" class=\"ft-hublot\"><br>\n            <img decoding=\"async\" src=\"https:\/\/ilesfinistere.com\/wp-content\/uploads\/2026\/04\/carte-molene@2x.png\" alt=\"Mol\u00e8ne\"><br>\n            <span>Mol\u00e8ne<\/span><br>\n        <\/a><br>\n        <a href=\"\/ile-de-sein\" class=\"ft-hublot\"><br>\n            <img decoding=\"async\" src=\"https:\/\/ilesfinistere.com\/wp-content\/uploads\/2026\/04\/carte-sein@2x-1.png\" alt=\"\u00cele de Sein\"><br>\n            <span>\u00cele de Sein<\/span><br>\n        <\/a><br>\n        <a href=\"\/glenan\" class=\"ft-hublot\"><br>\n            <img decoding=\"async\" src=\"https:\/\/ilesfinistere.com\/wp-content\/uploads\/2026\/04\/carte-glenants@2x.png\" alt=\"Gl\u00e9nan\"><br>\n            <span>Archipel des Gl\u00e9nan<\/span><br>\n        <\/a>\n    <\/div>\n<\/section>\n\n\n\n<section class=\"ft-incontournables\">\n<div class=\"ft-container\">\n<h2 class=\"ft-section-titre\">Les lieux incontournables<\/h2>\n<div class=\"ft-grid-2\">\n<div class=\"ft-incontournable-texte\">\n<ol class=\"ft-liste-bulles\">\n<li><strong>\u00cele de Batz :<\/strong> Le Jardin exotique Georges Delaselle.<\/li>\n<li><strong>Ouessant :<\/strong> Le phare du Cr\u00e9ac&rsquo;h et le Mus\u00e9e des Phares.<\/li>\n<li><strong>Mol\u00e8ne :<\/strong> Une balade le long du sentier c\u00f4tier.<\/li>\n<li><strong>\u00cele de Sein :<\/strong> Le phare de Goulenez.<\/li>\n<li><strong>Gl\u00e9nan :<\/strong> L&rsquo;\u00eele Saint-Nicolas et ses plages.<\/li>\n<\/ol><\/div>\n<div class=\"ft-carte-interactive\">\n                <a href=\"\/carte-interactive\" class=\"ft-btn-carte\">Carte interactive<\/a>\n            <\/div>\n<p><\/p><\/div>\n<p><\/p><\/div>\n<\/section>\n\n\n\n<section class=\"ft-bons-plans\">\n<div class=\"ft-container\">\n<h2 class=\"ft-section-titre\">Nos id\u00e9es cadeaux<\/h2>\n<div class=\"ft-grid-3\">\n<div class=\"ft-card\">\n                <img decoding=\"async\" src=\"URL_IMAGE_1\" alt=\"Sortie aux Gl\u00e9nan\"><p><\/p>\n<h3>Une sortie aux Gl\u00e9nan<\/h3>\n<p>                <a href=\"#\" class=\"ft-btn\">Je commande<\/a>\n            <\/p><\/div>\n<div class=\"ft-card\">\n                <img decoding=\"async\" src=\"URL_IMAGE_2\" alt=\"Mol\u00e8ne\"><p><\/p>\n<h3>Une excursion autour de Mol\u00e8ne<\/h3>\n<p>                <a href=\"#\" class=\"ft-btn\">Je commande<\/a>\n            <\/p><\/div>\n<div class=\"ft-card\">\n                <img decoding=\"async\" src=\"URL_IMAGE_3\" alt=\"Sein\"><p><\/p>\n<h3>La visite guid\u00e9e de Sein<\/h3>\n<p>                <a href=\"#\" class=\"ft-btn\">Je commande<\/a>\n            <\/p><\/div>\n<p><\/p><\/div>\n<p><\/p><\/div>\n<\/section>\n","protected":false},"excerpt":{"rendered":"<p>Le plein d&rsquo;\u00e9vasion \u00cele de Batz Ouessant Mol\u00e8ne \u00cele de Sein Archipel des Gl\u00e9nan Les lieux incontournables \u00cele de Batz : Le Jardin exotique Georges Delaselle. Ouessant : Le phare du Cr\u00e9ac&rsquo;h et le Mus\u00e9e des Phares. Mol\u00e8ne : Une balade le long du sentier c\u00f4tier. \u00cele de Sein : Le phare de Goulenez. Gl\u00e9nan &#8230; <a title=\"\" class=\"read-more\" href=\"https:\/\/ilesfinistere.com\/\" aria-label=\"En savoir plus sur \">Lire la suite<\/a><\/p>\n","protected":false},"author":1,"featured_media":0,"parent":0,"menu_order":0,"comment_status":"closed","ping_status":"closed","template":"","meta":{"footnotes":""},"class_list":["post-30","page","type-page","status-publish"],"yoast_head":"<!-- This site is optimized with the Yoast SEO plugin v27.4 - https:\/\/yoast.com\/product\/yoast-seo-wordpress\/ -->\n<title>- Iles Finistere<\/title>\n<meta name=\"robots\" content=\"index, follow, max-snippet:-1, max-image-preview:large, max-video-preview:-1\" \/>\n<link rel=\"canonical\" href=\"https:\/\/ilesfinistere.com\/\" \/>\n<meta property=\"og:locale\" content=\"fr_FR\" \/>\n<meta property=\"og:type\" content=\"article\" \/>\n<meta property=\"og:title\" content=\"- Iles Finistere\" \/>\n<meta property=\"og:description\" content=\"Le plein d&rsquo;\u00e9vasion \u00cele de Batz Ouessant Mol\u00e8ne \u00cele de Sein Archipel des Gl\u00e9nan Les lieux incontournables \u00cele de Batz : Le Jardin exotique Georges Delaselle. Ouessant : Le phare du Cr\u00e9ac&rsquo;h et le Mus\u00e9e des Phares. Mol\u00e8ne : Une balade le long du sentier c\u00f4tier. \u00cele de Sein : Le phare de Goulenez. Gl\u00e9nan ... Lire la suite\" \/>\n<meta property=\"og:url\" content=\"https:\/\/ilesfinistere.com\/\" \/>\n<meta property=\"og:site_name\" content=\"Iles Finistere\" \/>\n<meta property=\"article:modified_time\" content=\"2026-04-27T13:11:33+00:00\" \/>\n<meta property=\"og:image\" content=\"https:\/\/ilesfinistere.com\/wp-content\/uploads\/2026\/04\/carte-batz@2x.png\" \/>\n<meta name=\"twitter:card\" content=\"summary_large_image\" \/>\n<meta name=\"twitter:label1\" content=\"Dur\u00e9e de lecture estim\u00e9e\" \/>\n\t<meta name=\"twitter:data1\" content=\"3 minutes\" \/>\n<script type=\"application\/ld+json\" class=\"yoast-schema-graph\">{\"@context\":\"https:\\\/\\\/schema.org\",\"@graph\":[{\"@type\":\"WebPage\",\"@id\":\"https:\\\/\\\/ilesfinistere.com\\\/\",\"url\":\"https:\\\/\\\/ilesfinistere.com\\\/\",\"name\":\"- Iles Finistere\",\"isPartOf\":{\"@id\":\"https:\\\/\\\/ilesfinistere.com\\\/#website\"},\"primaryImageOfPage\":{\"@id\":\"https:\\\/\\\/ilesfinistere.com\\\/#primaryimage\"},\"image\":{\"@id\":\"https:\\\/\\\/ilesfinistere.com\\\/#primaryimage\"},\"thumbnailUrl\":\"https:\\\/\\\/ilesfinistere.com\\\/wp-content\\\/uploads\\\/2026\\\/04\\\/carte-batz@2x.png\",\"datePublished\":\"2026-04-27T12:58:31+00:00\",\"dateModified\":\"2026-04-27T13:11:33+00:00\",\"inLanguage\":\"fr-FR\",\"potentialAction\":[{\"@type\":\"ReadAction\",\"target\":[\"https:\\\/\\\/ilesfinistere.com\\\/\"]}]},{\"@type\":\"ImageObject\",\"inLanguage\":\"fr-FR\",\"@id\":\"https:\\\/\\\/ilesfinistere.com\\\/#primaryimage\",\"url\":\"https:\\\/\\\/ilesfinistere.com\\\/wp-content\\\/uploads\\\/2026\\\/04\\\/carte-batz@2x.png\",\"contentUrl\":\"https:\\\/\\\/ilesfinistere.com\\\/wp-content\\\/uploads\\\/2026\\\/04\\\/carte-batz@2x.png\",\"width\":204,\"height\":140},{\"@type\":\"WebSite\",\"@id\":\"https:\\\/\\\/ilesfinistere.com\\\/#website\",\"url\":\"https:\\\/\\\/ilesfinistere.com\\\/\",\"name\":\"Iles Finistere\",\"description\":\"\",\"publisher\":{\"@id\":\"https:\\\/\\\/ilesfinistere.com\\\/#organization\"},\"potentialAction\":[{\"@type\":\"SearchAction\",\"target\":{\"@type\":\"EntryPoint\",\"urlTemplate\":\"https:\\\/\\\/ilesfinistere.com\\\/?s={search_term_string}\"},\"query-input\":{\"@type\":\"PropertyValueSpecification\",\"valueRequired\":true,\"valueName\":\"search_term_string\"}}],\"inLanguage\":\"fr-FR\"},{\"@type\":\"Organization\",\"@id\":\"https:\\\/\\\/ilesfinistere.com\\\/#organization\",\"name\":\"Iles Finistere\",\"url\":\"https:\\\/\\\/ilesfinistere.com\\\/\",\"logo\":{\"@type\":\"ImageObject\",\"inLanguage\":\"fr-FR\",\"@id\":\"https:\\\/\\\/ilesfinistere.com\\\/#\\\/schema\\\/logo\\\/image\\\/\",\"url\":\"https:\\\/\\\/ilesfinistere.com\\\/wp-content\\\/uploads\\\/2026\\\/04\\\/cropped-logo_ilesfinistere.png\",\"contentUrl\":\"https:\\\/\\\/ilesfinistere.com\\\/wp-content\\\/uploads\\\/2026\\\/04\\\/cropped-logo_ilesfinistere.png\",\"width\":526,\"height\":266,\"caption\":\"Iles Finistere\"},\"image\":{\"@id\":\"https:\\\/\\\/ilesfinistere.com\\\/#\\\/schema\\\/logo\\\/image\\\/\"}}]}<\/script>\n<!-- \/ Yoast SEO plugin. -->","yoast_head_json":{"title":"- Iles Finistere","robots":{"index":"index","follow":"follow","max-snippet":"max-snippet:-1","max-image-preview":"max-image-preview:large","max-video-preview":"max-video-preview:-1"},"canonical":"https:\/\/ilesfinistere.com\/","og_locale":"fr_FR","og_type":"article","og_title":"- Iles Finistere","og_description":"Le plein d&rsquo;\u00e9vasion \u00cele de Batz Ouessant Mol\u00e8ne \u00cele de Sein Archipel des Gl\u00e9nan Les lieux incontournables \u00cele de Batz : Le Jardin exotique Georges Delaselle. Ouessant : Le phare du Cr\u00e9ac&rsquo;h et le Mus\u00e9e des Phares. Mol\u00e8ne : Une balade le long du sentier c\u00f4tier. \u00cele de Sein : Le phare de Goulenez. Gl\u00e9nan ... Lire la suite","og_url":"https:\/\/ilesfinistere.com\/","og_site_name":"Iles Finistere","article_modified_time":"2026-04-27T13:11:33+00:00","og_image":[{"url":"https:\/\/ilesfinistere.com\/wp-content\/uploads\/2026\/04\/carte-batz@2x.png","type":"","width":"","height":""}],"twitter_card":"summary_large_image","twitter_misc":{"Dur\u00e9e de lecture estim\u00e9e":"3 minutes"},"schema":{"@context":"https:\/\/schema.org","@graph":[{"@type":"WebPage","@id":"https:\/\/ilesfinistere.com\/","url":"https:\/\/ilesfinistere.com\/","name":"- Iles Finistere","isPartOf":{"@id":"https:\/\/ilesfinistere.com\/#website"},"primaryImageOfPage":{"@id":"https:\/\/ilesfinistere.com\/#primaryimage"},"image":{"@id":"https:\/\/ilesfinistere.com\/#primaryimage"},"thumbnailUrl":"https:\/\/ilesfinistere.com\/wp-content\/uploads\/2026\/04\/carte-batz@2x.png","datePublished":"2026-04-27T12:58:31+00:00","dateModified":"2026-04-27T13:11:33+00:00","inLanguage":"fr-FR","potentialAction":[{"@type":"ReadAction","target":["https:\/\/ilesfinistere.com\/"]}]},{"@type":"ImageObject","inLanguage":"fr-FR","@id":"https:\/\/ilesfinistere.com\/#primaryimage","url":"https:\/\/ilesfinistere.com\/wp-content\/uploads\/2026\/04\/carte-batz@2x.png","contentUrl":"https:\/\/ilesfinistere.com\/wp-content\/uploads\/2026\/04\/carte-batz@2x.png","width":204,"height":140},{"@type":"WebSite","@id":"https:\/\/ilesfinistere.com\/#website","url":"https:\/\/ilesfinistere.com\/","name":"Iles Finistere","description":"","publisher":{"@id":"https:\/\/ilesfinistere.com\/#organization"},"potentialAction":[{"@type":"SearchAction","target":{"@type":"EntryPoint","urlTemplate":"https:\/\/ilesfinistere.com\/?s={search_term_string}"},"query-input":{"@type":"PropertyValueSpecification","valueRequired":true,"valueName":"search_term_string"}}],"inLanguage":"fr-FR"},{"@type":"Organization","@id":"https:\/\/ilesfinistere.com\/#organization","name":"Iles Finistere","url":"https:\/\/ilesfinistere.com\/","logo":{"@type":"ImageObject","inLanguage":"fr-FR","@id":"https:\/\/ilesfinistere.com\/#\/schema\/logo\/image\/","url":"https:\/\/ilesfinistere.com\/wp-content\/uploads\/2026\/04\/cropped-logo_ilesfinistere.png","contentUrl":"https:\/\/ilesfinistere.com\/wp-content\/uploads\/2026\/04\/cropped-logo_ilesfinistere.png","width":526,"height":266,"caption":"Iles Finistere"},"image":{"@id":"https:\/\/ilesfinistere.com\/#\/schema\/logo\/image\/"}}]}},"_links":{"self":[{"href":"https:\/\/ilesfinistere.com\/index.php\/wp-json\/wp\/v2\/pages\/30","targetHints":{"allow":["GET"]}}],"collection":[{"href":"https:\/\/ilesfinistere.com\/index.php\/wp-json\/wp\/v2\/pages"}],"about":[{"href":"https:\/\/ilesfinistere.com\/index.php\/wp-json\/wp\/v2\/types\/page"}],"author":[{"embeddable":true,"href":"https:\/\/ilesfinistere.com\/index.php\/wp-json\/wp\/v2\/users\/1"}],"replies":[{"embeddable":true,"href":"https:\/\/ilesfinistere.com\/index.php\/wp-json\/wp\/v2\/comments?post=30"}],"version-history":[{"count":5,"href":"https:\/\/ilesfinistere.com\/index.php\/wp-json\/wp\/v2\/pages\/30\/revisions"}],"predecessor-version":[{"id":56,"href":"https:\/\/ilesfinistere.com\/index.php\/wp-json\/wp\/v2\/pages\/30\/revisions\/56"}],"wp:attachment":[{"href":"https:\/\/ilesfinistere.com\/index.php\/wp-json\/wp\/v2\/media?parent=30"}],"curies":[{"name":"wp","href":"https:\/\/api.w.org\/{rel}","templated":true}]}}